{"id":6013,"date":"2021-07-14T13:42:38","date_gmt":"2021-07-14T12:42:38","guid":{"rendered":"https:\/\/multimontage.com\/privatlivspolitik\/"},"modified":"2024-10-18T09:29:44","modified_gmt":"2024-10-18T08:29:44","slug":"privatlivspolitik","status":"publish","type":"page","link":"https:\/\/multimontage.com\/da\/privatlivspolitik\/","title":{"rendered":"Privatlivspolitik"},"content":{"rendered":"\t\t<div data-elementor-type=\"wp-page\" data-elementor-id=\"6013\" class=\"elementor elementor-6013 elementor-447\" data-elementor-post-type=\"page\">\n\t\t\t\t\t\t<section class=\"elementor-section elementor-top-section elementor-element elementor-element-b59d19f elementor-section-content-middle elementor-section-boxed elementor-section-height-default elementor-section-height-default\" data-id=\"b59d19f\" data-element_type=\"section\" data-e-type=\"section\" data-settings=\"{&quot;background_background&quot;:&quot;classic&quot;}\">\n\t\t\t\t\t\t<div class=\"elementor-container elementor-column-gap-default\">\n\t\t\t\t\t<div class=\"elementor-column elementor-col-100 elementor-top-column elementor-element elementor-element-b6fc17a\" data-id=\"b6fc17a\" data-element_type=\"column\" data-e-type=\"column\">\n\t\t\t<div class=\"elementor-widget-wrap\">\n\t\t\t\t\t\t\t<\/div>\n\t\t<\/div>\n\t\t\t\t\t<\/div>\n\t\t<\/section>\n\t\t\t\t<section class=\"elementor-section elementor-top-section elementor-element elementor-element-0c0e7fc elementor-section-boxed elementor-section-height-default elementor-section-height-default\" data-id=\"0c0e7fc\" data-element_type=\"section\" data-e-type=\"section\">\n\t\t\t\t\t\t<div class=\"elementor-container elementor-column-gap-default\">\n\t\t\t\t\t<div class=\"elementor-column elementor-col-100 elementor-top-column elementor-element elementor-element-7020167\" data-id=\"7020167\" data-element_type=\"column\" data-e-type=\"column\">\n\t\t\t<div class=\"elementor-widget-wrap elementor-element-populated\">\n\t\t\t\t\t\t<div class=\"elementor-element elementor-element-ac2b786 elementor-widget elementor-widget-heading\" data-id=\"ac2b786\" data-element_type=\"widget\" data-e-type=\"widget\" data-widget_type=\"heading.default\">\n\t\t\t\t<div class=\"elementor-widget-container\">\n\t\t\t\t\t<h1 class=\"elementor-heading-title elementor-size-default\">Privatlivspolitik<\/h1>\t\t\t\t<\/div>\n\t\t\t\t<\/div>\n\t\t\t\t<div class=\"elementor-element elementor-element-da60a0a elementor-widget elementor-widget-text-editor\" data-id=\"da60a0a\" data-element_type=\"widget\" data-e-type=\"widget\" data-widget_type=\"text-editor.default\">\n\t\t\t\t<div class=\"elementor-widget-container\">\n\t\t\t\t\t\t\t\t\t<div class=\"elementor-element elementor-element-5abe8fe elementor-widget elementor-widget-text-editor\" data-id=\"5abe8fe\" data-element_type=\"widget\" data-widget_type=\"text-editor.default\">\n<div class=\"elementor-widget-container\">\n<div class=\"elementor-text-editor elementor-clearfix\">\n<div class=\"elementor-element elementor-element-89b658b elementor-widget elementor-widget-text-editor\" data-id=\"89b658b\" data-element_type=\"widget\" data-widget_type=\"text-editor.default\">\n<div class=\"elementor-widget-container\">\n<div class=\"elementor-text-editor elementor-clearfix\">\n<div class=\"elementor-element elementor-element-5abe8fe elementor-widget elementor-widget-text-editor\" data-id=\"5abe8fe\" data-element_type=\"widget\" data-widget_type=\"text-editor.default\">\n<div class=\"elementor-widget-container\">\n<div class=\"elementor-text-editor elementor-clearfix\">\n<div class=\"elementor-element elementor-element-89b658b elementor-widget elementor-widget-text-editor\" data-id=\"89b658b\" data-element_type=\"widget\" data-widget_type=\"text-editor.default\">\n<div class=\"elementor-widget-container\">\n<div class=\"elementor-text-editor elementor-clearfix\">\n<div>\n<div>\n<div>\n<div>\n<div>\n<div>\n<p>Dit privatliv er vigtigt for os. Det er <span style=\"text-decoration: underline;\">Multimontage Sverige AB&#8217;s<\/span> politik at respektere dit privatliv vedr\u00f8rende enhver information, vi m\u00e5tte indsamle fra dig p\u00e5 vores hjemmeside, <span style=\"text-decoration: underline;\">www.multimontage.com<\/span>. <\/p>\n<p>Vi indsamler oplysninger for at tage kontakt, etablere og\/eller opretholde et forretningsforhold. Vi indsamler det p\u00e5 retf\u00e6rdige og lovlige m\u00e5der med din viden og samtykke. Vi fort\u00e6ller dig ogs\u00e5, hvorfor vi indsamler det, og hvordan det vil blive brugt.  <\/p>\n<p>De data, der gemmes, er de felter, som hver indsendelsesformular indeholder. Vi gemmer dataene, s\u00e5 l\u00e6nge det er n\u00f8dvendigt af hensyn til form\u00e5lene med behandlingen. Vi baserer indsamlingen af personoplysninger p\u00e5 samtykke.   <\/p>\n<p>Du har ret til at anmode om oplysninger om, hvilke personoplysninger vi har opbevaret om dig. For at g\u00f8re dette skal du kontakte den dataansvarlige. Du har ogs\u00e5 til enhver tid ret til at anmode om rettelse eller sletning af dine personoplysninger.  <\/p>\n<p>Din fortsatte brug af vores hjemmeside vil blive betragtet som accept af vores praksis for privatliv og personlige oplysninger. Hvis du har sp\u00f8rgsm\u00e5l til, hvordan vi h\u00e5ndterer brugerdata og personoplysninger, er du velkommen til at kontakte os. <\/p>\n<\/div>\n<\/div>\n<\/div>\n<\/div>\n<\/div>\n<\/div>\n<\/div>\n<\/div>\n<\/div>\n<\/div>\n<\/div>\n<\/div>\n<div class=\"elementor-element elementor-element-194d4ee elementor-widget elementor-widget-heading\" data-id=\"194d4ee\" data-element_type=\"widget\" data-widget_type=\"heading.default\">\n<div class=\"elementor-widget-container\">\n<h5 class=\"elementor-heading-title elementor-size-default\">Kontaktoplysninger til den person, der er ansvarlig for persondata<\/h5>\n<\/div>\n<\/div>\n<div class=\"elementor-element elementor-element-476de0e elementor-widget elementor-widget-text-editor\" data-id=\"476de0e\" data-element_type=\"widget\" data-widget_type=\"text-editor.default\">\n<div class=\"elementor-widget-container\">\n<div class=\"elementor-text-editor elementor-clearfix\">\n<div class=\"elementor-element elementor-element-89b658b elementor-widget elementor-widget-text-editor\" data-id=\"89b658b\" data-element_type=\"widget\" data-widget_type=\"text-editor.default\">\n<div class=\"elementor-widget-container\">\n<div class=\"elementor-text-editor elementor-clearfix\">\n<div>\n<div>\n<div>\n<div>\n<div>\n<div>E-post: <a href=\"mailto:info@multimontage.com\">info@multimontage.com<\/a><\/div>\n<\/div>\n<\/div>\n<\/div>\n<\/div>\n<\/div>\n<\/div>\n<\/div>\n<\/div>\n<\/div>\n<\/div>\n<\/div>\n<\/div>\n<\/div>\n<\/div>\n<\/div>\n<\/div>\n<\/div>\n\t\t\t\t\t\t\t\t<\/div>\n\t\t\t\t<\/div>\n\t\t\t\t\t<\/div>\n\t\t<\/div>\n\t\t\t\t\t<\/div>\n\t\t<\/section>\n\t\t\t\t<\/div>\n\t\t","protected":false},"excerpt":{"rendered":"<p>Privatlivspolitik Dit privatliv er vigtigt for os. Det er Multimontage Sverige AB&#8217;s politik at respektere dit privatliv vedr\u00f8rende enhver information, vi m\u00e5tte indsamle fra dig p\u00e5 vores hjemmeside, www.multimontage.com. Vi indsamler oplysninger for at tage kontakt, etablere og\/eller opretholde et forretningsforhold. Vi indsamler det p\u00e5 retf\u00e6rdige og lovlige m\u00e5der med din viden og samtykke. Vi [&hellip;]<\/p>\n","protected":false},"author":1,"featured_media":0,"parent":0,"menu_order":0,"comment_status":"closed","ping_status":"closed","template":"elementor_header_footer","meta":{"footnotes":""},"class_list":["post-6013","page","type-page","status-publish","hentry"],"yoast_head":"<!-- This site is optimized with the Yoast SEO plugin v27.4 - https:\/\/yoast.com\/product\/yoast-seo-wordpress\/ -->\n<title>Privatlivspolitik - Multimontage<\/title>\n<meta name=\"robots\" content=\"noindex, nofollow\" \/>\n<meta property=\"og:locale\" content=\"da_DK\" \/>\n<meta property=\"og:type\" content=\"article\" \/>\n<meta property=\"og:title\" content=\"Privatlivspolitik - Multimontage\" \/>\n<meta property=\"og:description\" content=\"Privatlivspolitik Dit privatliv er vigtigt for os. Det er Multimontage Sverige AB&#8217;s politik at respektere dit privatliv vedr\u00f8rende enhver information, vi m\u00e5tte indsamle fra dig p\u00e5 vores hjemmeside, www.multimontage.com. Vi indsamler oplysninger for at tage kontakt, etablere og\/eller opretholde et forretningsforhold. Vi indsamler det p\u00e5 retf\u00e6rdige og lovlige m\u00e5der med din viden og samtykke. Vi [&hellip;]\" \/>\n<meta property=\"og:url\" content=\"https:\/\/multimontage.com\/da\/privatlivspolitik\/\" \/>\n<meta property=\"og:site_name\" content=\"Multimontage\" \/>\n<meta property=\"article:modified_time\" content=\"2024-10-18T08:29:44+00:00\" \/>\n<meta name=\"twitter:card\" content=\"summary_large_image\" \/>\n<meta name=\"twitter:label1\" content=\"Estimeret l\u00e6setid\" \/>\n\t<meta name=\"twitter:data1\" content=\"1 minut\" \/>\n<script type=\"application\/ld+json\" class=\"yoast-schema-graph\">{\"@context\":\"https:\\\/\\\/schema.org\",\"@graph\":[{\"@type\":\"WebPage\",\"@id\":\"https:\\\/\\\/multimontage.com\\\/da\\\/privatlivspolitik\\\/\",\"url\":\"https:\\\/\\\/multimontage.com\\\/da\\\/privatlivspolitik\\\/\",\"name\":\"Privatlivspolitik - Multimontage\",\"isPartOf\":{\"@id\":\"https:\\\/\\\/multimontage.com\\\/da\\\/#website\"},\"datePublished\":\"2021-07-14T12:42:38+00:00\",\"dateModified\":\"2024-10-18T08:29:44+00:00\",\"breadcrumb\":{\"@id\":\"https:\\\/\\\/multimontage.com\\\/da\\\/privatlivspolitik\\\/#breadcrumb\"},\"inLanguage\":\"da-DK\",\"potentialAction\":[{\"@type\":\"ReadAction\",\"target\":[\"https:\\\/\\\/multimontage.com\\\/da\\\/privatlivspolitik\\\/\"]}]},{\"@type\":\"BreadcrumbList\",\"@id\":\"https:\\\/\\\/multimontage.com\\\/da\\\/privatlivspolitik\\\/#breadcrumb\",\"itemListElement\":[{\"@type\":\"ListItem\",\"position\":1,\"name\":\"Hem\",\"item\":\"https:\\\/\\\/multimontage.com\\\/da\\\/\"},{\"@type\":\"ListItem\",\"position\":2,\"name\":\"Privatlivspolitik\"}]},{\"@type\":\"WebSite\",\"@id\":\"https:\\\/\\\/multimontage.com\\\/da\\\/#website\",\"url\":\"https:\\\/\\\/multimontage.com\\\/da\\\/\",\"name\":\"Multimontage\",\"description\":\"\",\"publisher\":{\"@id\":\"https:\\\/\\\/multimontage.com\\\/da\\\/#organization\"},\"potentialAction\":[{\"@type\":\"SearchAction\",\"target\":{\"@type\":\"EntryPoint\",\"urlTemplate\":\"https:\\\/\\\/multimontage.com\\\/da\\\/?s={search_term_string}\"},\"query-input\":{\"@type\":\"PropertyValueSpecification\",\"valueRequired\":true,\"valueName\":\"search_term_string\"}}],\"inLanguage\":\"da-DK\"},{\"@type\":\"Organization\",\"@id\":\"https:\\\/\\\/multimontage.com\\\/da\\\/#organization\",\"name\":\"Multimontage\",\"url\":\"https:\\\/\\\/multimontage.com\\\/da\\\/\",\"logo\":{\"@type\":\"ImageObject\",\"inLanguage\":\"da-DK\",\"@id\":\"https:\\\/\\\/multimontage.com\\\/da\\\/#\\\/schema\\\/logo\\\/image\\\/\",\"url\":\"https:\\\/\\\/multimontage.com\\\/wp-content\\\/uploads\\\/2023\\\/12\\\/MMlogo_vit.png\",\"contentUrl\":\"https:\\\/\\\/multimontage.com\\\/wp-content\\\/uploads\\\/2023\\\/12\\\/MMlogo_vit.png\",\"width\":546,\"height\":296,\"caption\":\"Multimontage\"},\"image\":{\"@id\":\"https:\\\/\\\/multimontage.com\\\/da\\\/#\\\/schema\\\/logo\\\/image\\\/\"}}]}<\/script>\n<!-- \/ Yoast SEO plugin. -->","yoast_head_json":{"title":"Privatlivspolitik - Multimontage","robots":{"index":"noindex","follow":"nofollow"},"og_locale":"da_DK","og_type":"article","og_title":"Privatlivspolitik - Multimontage","og_description":"Privatlivspolitik Dit privatliv er vigtigt for os. Det er Multimontage Sverige AB&#8217;s politik at respektere dit privatliv vedr\u00f8rende enhver information, vi m\u00e5tte indsamle fra dig p\u00e5 vores hjemmeside, www.multimontage.com. Vi indsamler oplysninger for at tage kontakt, etablere og\/eller opretholde et forretningsforhold. Vi indsamler det p\u00e5 retf\u00e6rdige og lovlige m\u00e5der med din viden og samtykke. Vi [&hellip;]","og_url":"https:\/\/multimontage.com\/da\/privatlivspolitik\/","og_site_name":"Multimontage","article_modified_time":"2024-10-18T08:29:44+00:00","twitter_card":"summary_large_image","twitter_misc":{"Estimeret l\u00e6setid":"1 minut"},"schema":{"@context":"https:\/\/schema.org","@graph":[{"@type":"WebPage","@id":"https:\/\/multimontage.com\/da\/privatlivspolitik\/","url":"https:\/\/multimontage.com\/da\/privatlivspolitik\/","name":"Privatlivspolitik - Multimontage","isPartOf":{"@id":"https:\/\/multimontage.com\/da\/#website"},"datePublished":"2021-07-14T12:42:38+00:00","dateModified":"2024-10-18T08:29:44+00:00","breadcrumb":{"@id":"https:\/\/multimontage.com\/da\/privatlivspolitik\/#breadcrumb"},"inLanguage":"da-DK","potentialAction":[{"@type":"ReadAction","target":["https:\/\/multimontage.com\/da\/privatlivspolitik\/"]}]},{"@type":"BreadcrumbList","@id":"https:\/\/multimontage.com\/da\/privatlivspolitik\/#breadcrumb","itemListElement":[{"@type":"ListItem","position":1,"name":"Hem","item":"https:\/\/multimontage.com\/da\/"},{"@type":"ListItem","position":2,"name":"Privatlivspolitik"}]},{"@type":"WebSite","@id":"https:\/\/multimontage.com\/da\/#website","url":"https:\/\/multimontage.com\/da\/","name":"Multimontage","description":"","publisher":{"@id":"https:\/\/multimontage.com\/da\/#organization"},"potentialAction":[{"@type":"SearchAction","target":{"@type":"EntryPoint","urlTemplate":"https:\/\/multimontage.com\/da\/?s={search_term_string}"},"query-input":{"@type":"PropertyValueSpecification","valueRequired":true,"valueName":"search_term_string"}}],"inLanguage":"da-DK"},{"@type":"Organization","@id":"https:\/\/multimontage.com\/da\/#organization","name":"Multimontage","url":"https:\/\/multimontage.com\/da\/","logo":{"@type":"ImageObject","inLanguage":"da-DK","@id":"https:\/\/multimontage.com\/da\/#\/schema\/logo\/image\/","url":"https:\/\/multimontage.com\/wp-content\/uploads\/2023\/12\/MMlogo_vit.png","contentUrl":"https:\/\/multimontage.com\/wp-content\/uploads\/2023\/12\/MMlogo_vit.png","width":546,"height":296,"caption":"Multimontage"},"image":{"@id":"https:\/\/multimontage.com\/da\/#\/schema\/logo\/image\/"}}]}},"_links":{"self":[{"href":"https:\/\/multimontage.com\/da\/wp-json\/wp\/v2\/pages\/6013","targetHints":{"allow":["GET"]}}],"collection":[{"href":"https:\/\/multimontage.com\/da\/wp-json\/wp\/v2\/pages"}],"about":[{"href":"https:\/\/multimontage.com\/da\/wp-json\/wp\/v2\/types\/page"}],"author":[{"embeddable":true,"href":"https:\/\/multimontage.com\/da\/wp-json\/wp\/v2\/users\/1"}],"replies":[{"embeddable":true,"href":"https:\/\/multimontage.com\/da\/wp-json\/wp\/v2\/comments?post=6013"}],"version-history":[{"count":1,"href":"https:\/\/multimontage.com\/da\/wp-json\/wp\/v2\/pages\/6013\/revisions"}],"predecessor-version":[{"id":6014,"href":"https:\/\/multimontage.com\/da\/wp-json\/wp\/v2\/pages\/6013\/revisions\/6014"}],"wp:attachment":[{"href":"https:\/\/multimontage.com\/da\/wp-json\/wp\/v2\/media?parent=6013"}],"curies":[{"name":"wp","href":"https:\/\/api.w.org\/{rel}","templated":true}]}}