{"id":6844,"date":"2021-07-14T13:42:38","date_gmt":"2021-07-14T12:42:38","guid":{"rendered":"https:\/\/multimontage.com\/datenschutzrichtlinie\/"},"modified":"2025-03-20T12:27:43","modified_gmt":"2025-03-20T11:27:43","slug":"datenschutzrichtlinie","status":"publish","type":"page","link":"https:\/\/multimontage.com\/de\/datenschutzrichtlinie\/","title":{"rendered":"Datenschutzrichtlinie"},"content":{"rendered":"\t\t<div data-elementor-type=\"wp-page\" data-elementor-id=\"6844\" class=\"elementor elementor-6844 elementor-447\" data-elementor-post-type=\"page\">\n\t\t\t\t\t\t<section class=\"elementor-section elementor-top-section elementor-element elementor-element-b59d19f elementor-section-content-middle elementor-section-boxed elementor-section-height-default elementor-section-height-default\" data-id=\"b59d19f\" data-element_type=\"section\" data-e-type=\"section\" data-settings=\"{&quot;background_background&quot;:&quot;classic&quot;}\">\n\t\t\t\t\t\t<div class=\"elementor-container elementor-column-gap-default\">\n\t\t\t\t\t<div class=\"elementor-column elementor-col-100 elementor-top-column elementor-element elementor-element-b6fc17a\" data-id=\"b6fc17a\" data-element_type=\"column\" data-e-type=\"column\">\n\t\t\t<div class=\"elementor-widget-wrap\">\n\t\t\t\t\t\t\t<\/div>\n\t\t<\/div>\n\t\t\t\t\t<\/div>\n\t\t<\/section>\n\t\t\t\t<section class=\"elementor-section elementor-top-section elementor-element elementor-element-0c0e7fc elementor-section-boxed elementor-section-height-default elementor-section-height-default\" data-id=\"0c0e7fc\" data-element_type=\"section\" data-e-type=\"section\">\n\t\t\t\t\t\t<div class=\"elementor-container elementor-column-gap-default\">\n\t\t\t\t\t<div class=\"elementor-column elementor-col-100 elementor-top-column elementor-element elementor-element-7020167\" data-id=\"7020167\" data-element_type=\"column\" data-e-type=\"column\">\n\t\t\t<div class=\"elementor-widget-wrap elementor-element-populated\">\n\t\t\t\t\t\t<div class=\"elementor-element elementor-element-ac2b786 elementor-widget elementor-widget-heading\" data-id=\"ac2b786\" data-element_type=\"widget\" data-e-type=\"widget\" data-widget_type=\"heading.default\">\n\t\t\t\t<div class=\"elementor-widget-container\">\n\t\t\t\t\t<h1 class=\"elementor-heading-title elementor-size-default\">Datenschutzrichtlinie<\/h1>\t\t\t\t<\/div>\n\t\t\t\t<\/div>\n\t\t\t\t<div class=\"elementor-element elementor-element-da60a0a elementor-widget elementor-widget-text-editor\" data-id=\"da60a0a\" data-element_type=\"widget\" data-e-type=\"widget\" data-widget_type=\"text-editor.default\">\n\t\t\t\t<div class=\"elementor-widget-container\">\n\t\t\t\t\t\t\t\t\t<div class=\"elementor-element elementor-element-5abe8fe elementor-widget elementor-widget-text-editor\" data-id=\"5abe8fe\" data-element_type=\"widget\" data-widget_type=\"text-editor.default\">\n<div class=\"elementor-widget-container\">\n<div class=\"elementor-text-editor elementor-clearfix\">\n<div class=\"elementor-element elementor-element-89b658b elementor-widget elementor-widget-text-editor\" data-id=\"89b658b\" data-element_type=\"widget\" data-widget_type=\"text-editor.default\">\n<div class=\"elementor-widget-container\">\n<div class=\"elementor-text-editor elementor-clearfix\">\n<div class=\"elementor-element elementor-element-5abe8fe elementor-widget elementor-widget-text-editor\" data-id=\"5abe8fe\" data-element_type=\"widget\" data-widget_type=\"text-editor.default\">\n<div class=\"elementor-widget-container\">\n<div class=\"elementor-text-editor elementor-clearfix\">\n<div class=\"elementor-element elementor-element-89b658b elementor-widget elementor-widget-text-editor\" data-id=\"89b658b\" data-element_type=\"widget\" data-widget_type=\"text-editor.default\">\n<div class=\"elementor-widget-container\">\n<div class=\"elementor-text-editor elementor-clearfix\">\n<div>\n<div>\n<div>\n<div>\n<div>\n<div>\n<p>Ihre Privatsph\u00e4re ist uns wichtig. Es ist die Politik von <span style=\"text-decoration: underline;\">Multimontage Sverige AB<\/span>, Ihre Privatsph\u00e4re in Bezug auf alle Informationen zu respektieren, die wir von Ihnen auf unserer Website <span style=\"text-decoration: underline;\">www.multimontage.com<\/span> sammeln. <\/p>\n<p>Wir erfassen Informationen, um Kontakt aufzunehmen, eine Gesch\u00e4ftsbeziehung aufzubauen und\/oder aufrechtzuerhalten. Wir erfassen diese Daten auf faire und legale Weise und mit Ihrem Wissen und Ihrer Zustimmung. Wir teilen Ihnen auch mit, warum wir diese Daten erfassen und wie sie verwendet werden.  <\/p>\n<p>Bei den gespeicherten Daten handelt es sich um die Felder, die jedes \u00dcbermittlungsformular enth\u00e4lt. Wir speichern die Daten so lange, wie es f\u00fcr die Zwecke der Verarbeitung erforderlich ist. Die Erhebung personenbezogener Daten erfolgt auf Grundlage Ihrer Einwilligung.   <\/p>\n<p>Sie haben das Recht, Auskunft dar\u00fcber zu verlangen, welche personenbezogenen Daten wir \u00fcber Sie gespeichert haben. Wenden Sie sich hierzu bitte an den Verantwortlichen f\u00fcr die Datenverarbeitung. Dar\u00fcber hinaus haben Sie jederzeit das Recht, die Berichtigung oder L\u00f6schung Ihrer personenbezogenen Daten zu verlangen.  <\/p>\n<p>Ihre fortgesetzte Nutzung unserer Website gilt als Zustimmung zu unseren Datenschutzpraktiken und der Handhabung personenbezogener Daten. Wenn Sie Fragen zu unserem Umgang mit Benutzerdaten und personenbezogenen Daten haben, kontaktieren Sie uns bitte. <\/p>\n<\/div>\n<\/div>\n<\/div>\n<\/div>\n<\/div>\n<\/div>\n<\/div>\n<\/div>\n<\/div>\n<\/div>\n<\/div>\n<\/div>\n<div class=\"elementor-element elementor-element-194d4ee elementor-widget elementor-widget-heading\" data-id=\"194d4ee\" data-element_type=\"widget\" data-widget_type=\"heading.default\">\n<div class=\"elementor-widget-container\">\n<h5 class=\"elementor-heading-title elementor-size-default\">Kontaktinformationen des Verantwortlichen<\/h5>\n<\/div>\n<\/div>\n<div class=\"elementor-element elementor-element-476de0e elementor-widget elementor-widget-text-editor\" data-id=\"476de0e\" data-element_type=\"widget\" data-widget_type=\"text-editor.default\">\n<div class=\"elementor-widget-container\">\n<div class=\"elementor-text-editor elementor-clearfix\">\n<div class=\"elementor-element elementor-element-89b658b elementor-widget elementor-widget-text-editor\" data-id=\"89b658b\" data-element_type=\"widget\" data-widget_type=\"text-editor.default\">\n<div class=\"elementor-widget-container\">\n<div class=\"elementor-text-editor elementor-clearfix\">\n<div>\n<div>\n<div>\n<div>\n<div>\n<div>E-post: <a href=\"mailto:info@multimontage.com\">info@multimontage.com<\/a><\/div>\n<\/div>\n<\/div>\n<\/div>\n<\/div>\n<\/div>\n<\/div>\n<\/div>\n<\/div>\n<\/div>\n<\/div>\n<\/div>\n<\/div>\n<\/div>\n<\/div>\n<\/div>\n<\/div>\n<\/div>\n\t\t\t\t\t\t\t\t<\/div>\n\t\t\t\t<\/div>\n\t\t\t\t\t<\/div>\n\t\t<\/div>\n\t\t\t\t\t<\/div>\n\t\t<\/section>\n\t\t\t\t<\/div>\n\t\t","protected":false},"excerpt":{"rendered":"<p>Datenschutzrichtlinie Ihre Privatsph\u00e4re ist uns wichtig. Es ist die Politik von Multimontage Sverige AB, Ihre Privatsph\u00e4re in Bezug auf alle Informationen zu respektieren, die wir von Ihnen auf unserer Website www.multimontage.com sammeln. Wir erfassen Informationen, um Kontakt aufzunehmen, eine Gesch\u00e4ftsbeziehung aufzubauen und\/oder aufrechtzuerhalten. Wir erfassen diese Daten auf faire und legale Weise und mit Ihrem [&hellip;]<\/p>\n","protected":false},"author":1,"featured_media":0,"parent":0,"menu_order":0,"comment_status":"closed","ping_status":"closed","template":"elementor_header_footer","meta":{"footnotes":""},"class_list":["post-6844","page","type-page","status-publish","hentry"],"yoast_head":"<!-- This site is optimized with the Yoast SEO plugin v27.4 - https:\/\/yoast.com\/product\/yoast-seo-wordpress\/ -->\n<title>Datenschutzrichtlinie - Multimontage<\/title>\n<meta name=\"robots\" content=\"noindex, nofollow\" \/>\n<meta property=\"og:locale\" content=\"de_DE\" \/>\n<meta property=\"og:type\" content=\"article\" \/>\n<meta property=\"og:title\" content=\"Datenschutzrichtlinie - Multimontage\" \/>\n<meta property=\"og:description\" content=\"Datenschutzrichtlinie Ihre Privatsph\u00e4re ist uns wichtig. Es ist die Politik von Multimontage Sverige AB, Ihre Privatsph\u00e4re in Bezug auf alle Informationen zu respektieren, die wir von Ihnen auf unserer Website www.multimontage.com sammeln. Wir erfassen Informationen, um Kontakt aufzunehmen, eine Gesch\u00e4ftsbeziehung aufzubauen und\/oder aufrechtzuerhalten. Wir erfassen diese Daten auf faire und legale Weise und mit Ihrem [&hellip;]\" \/>\n<meta property=\"og:url\" content=\"https:\/\/multimontage.com\/de\/datenschutzrichtlinie\/\" \/>\n<meta property=\"og:site_name\" content=\"Multimontage\" \/>\n<meta property=\"article:modified_time\" content=\"2025-03-20T11:27:43+00:00\" \/>\n<meta name=\"twitter:card\" content=\"summary_large_image\" \/>\n<meta name=\"twitter:label1\" content=\"Gesch\u00e4tzte Lesezeit\" \/>\n\t<meta name=\"twitter:data1\" content=\"1\u00a0Minute\" \/>\n<script type=\"application\/ld+json\" class=\"yoast-schema-graph\">{\"@context\":\"https:\\\/\\\/schema.org\",\"@graph\":[{\"@type\":\"WebPage\",\"@id\":\"https:\\\/\\\/multimontage.com\\\/de\\\/datenschutzrichtlinie\\\/\",\"url\":\"https:\\\/\\\/multimontage.com\\\/de\\\/datenschutzrichtlinie\\\/\",\"name\":\"Datenschutzrichtlinie - Multimontage\",\"isPartOf\":{\"@id\":\"https:\\\/\\\/multimontage.com\\\/de\\\/#website\"},\"datePublished\":\"2021-07-14T12:42:38+00:00\",\"dateModified\":\"2025-03-20T11:27:43+00:00\",\"breadcrumb\":{\"@id\":\"https:\\\/\\\/multimontage.com\\\/de\\\/datenschutzrichtlinie\\\/#breadcrumb\"},\"inLanguage\":\"de\",\"potentialAction\":[{\"@type\":\"ReadAction\",\"target\":[\"https:\\\/\\\/multimontage.com\\\/de\\\/datenschutzrichtlinie\\\/\"]}]},{\"@type\":\"BreadcrumbList\",\"@id\":\"https:\\\/\\\/multimontage.com\\\/de\\\/datenschutzrichtlinie\\\/#breadcrumb\",\"itemListElement\":[{\"@type\":\"ListItem\",\"position\":1,\"name\":\"Hem\",\"item\":\"https:\\\/\\\/multimontage.com\\\/de\\\/startseite\\\/\"},{\"@type\":\"ListItem\",\"position\":2,\"name\":\"Datenschutzrichtlinie\"}]},{\"@type\":\"WebSite\",\"@id\":\"https:\\\/\\\/multimontage.com\\\/de\\\/#website\",\"url\":\"https:\\\/\\\/multimontage.com\\\/de\\\/\",\"name\":\"Multimontage\",\"description\":\"\",\"publisher\":{\"@id\":\"https:\\\/\\\/multimontage.com\\\/de\\\/#organization\"},\"potentialAction\":[{\"@type\":\"SearchAction\",\"target\":{\"@type\":\"EntryPoint\",\"urlTemplate\":\"https:\\\/\\\/multimontage.com\\\/de\\\/?s={search_term_string}\"},\"query-input\":{\"@type\":\"PropertyValueSpecification\",\"valueRequired\":true,\"valueName\":\"search_term_string\"}}],\"inLanguage\":\"de\"},{\"@type\":\"Organization\",\"@id\":\"https:\\\/\\\/multimontage.com\\\/de\\\/#organization\",\"name\":\"Multimontage\",\"url\":\"https:\\\/\\\/multimontage.com\\\/de\\\/\",\"logo\":{\"@type\":\"ImageObject\",\"inLanguage\":\"de\",\"@id\":\"https:\\\/\\\/multimontage.com\\\/de\\\/#\\\/schema\\\/logo\\\/image\\\/\",\"url\":\"https:\\\/\\\/multimontage.com\\\/wp-content\\\/uploads\\\/2023\\\/12\\\/MMlogo_vit.png\",\"contentUrl\":\"https:\\\/\\\/multimontage.com\\\/wp-content\\\/uploads\\\/2023\\\/12\\\/MMlogo_vit.png\",\"width\":546,\"height\":296,\"caption\":\"Multimontage\"},\"image\":{\"@id\":\"https:\\\/\\\/multimontage.com\\\/de\\\/#\\\/schema\\\/logo\\\/image\\\/\"}}]}<\/script>\n<!-- \/ Yoast SEO plugin. -->","yoast_head_json":{"title":"Datenschutzrichtlinie - Multimontage","robots":{"index":"noindex","follow":"nofollow"},"og_locale":"de_DE","og_type":"article","og_title":"Datenschutzrichtlinie - Multimontage","og_description":"Datenschutzrichtlinie Ihre Privatsph\u00e4re ist uns wichtig. Es ist die Politik von Multimontage Sverige AB, Ihre Privatsph\u00e4re in Bezug auf alle Informationen zu respektieren, die wir von Ihnen auf unserer Website www.multimontage.com sammeln. Wir erfassen Informationen, um Kontakt aufzunehmen, eine Gesch\u00e4ftsbeziehung aufzubauen und\/oder aufrechtzuerhalten. Wir erfassen diese Daten auf faire und legale Weise und mit Ihrem [&hellip;]","og_url":"https:\/\/multimontage.com\/de\/datenschutzrichtlinie\/","og_site_name":"Multimontage","article_modified_time":"2025-03-20T11:27:43+00:00","twitter_card":"summary_large_image","twitter_misc":{"Gesch\u00e4tzte Lesezeit":"1\u00a0Minute"},"schema":{"@context":"https:\/\/schema.org","@graph":[{"@type":"WebPage","@id":"https:\/\/multimontage.com\/de\/datenschutzrichtlinie\/","url":"https:\/\/multimontage.com\/de\/datenschutzrichtlinie\/","name":"Datenschutzrichtlinie - Multimontage","isPartOf":{"@id":"https:\/\/multimontage.com\/de\/#website"},"datePublished":"2021-07-14T12:42:38+00:00","dateModified":"2025-03-20T11:27:43+00:00","breadcrumb":{"@id":"https:\/\/multimontage.com\/de\/datenschutzrichtlinie\/#breadcrumb"},"inLanguage":"de","potentialAction":[{"@type":"ReadAction","target":["https:\/\/multimontage.com\/de\/datenschutzrichtlinie\/"]}]},{"@type":"BreadcrumbList","@id":"https:\/\/multimontage.com\/de\/datenschutzrichtlinie\/#breadcrumb","itemListElement":[{"@type":"ListItem","position":1,"name":"Hem","item":"https:\/\/multimontage.com\/de\/startseite\/"},{"@type":"ListItem","position":2,"name":"Datenschutzrichtlinie"}]},{"@type":"WebSite","@id":"https:\/\/multimontage.com\/de\/#website","url":"https:\/\/multimontage.com\/de\/","name":"Multimontage","description":"","publisher":{"@id":"https:\/\/multimontage.com\/de\/#organization"},"potentialAction":[{"@type":"SearchAction","target":{"@type":"EntryPoint","urlTemplate":"https:\/\/multimontage.com\/de\/?s={search_term_string}"},"query-input":{"@type":"PropertyValueSpecification","valueRequired":true,"valueName":"search_term_string"}}],"inLanguage":"de"},{"@type":"Organization","@id":"https:\/\/multimontage.com\/de\/#organization","name":"Multimontage","url":"https:\/\/multimontage.com\/de\/","logo":{"@type":"ImageObject","inLanguage":"de","@id":"https:\/\/multimontage.com\/de\/#\/schema\/logo\/image\/","url":"https:\/\/multimontage.com\/wp-content\/uploads\/2023\/12\/MMlogo_vit.png","contentUrl":"https:\/\/multimontage.com\/wp-content\/uploads\/2023\/12\/MMlogo_vit.png","width":546,"height":296,"caption":"Multimontage"},"image":{"@id":"https:\/\/multimontage.com\/de\/#\/schema\/logo\/image\/"}}]}},"_links":{"self":[{"href":"https:\/\/multimontage.com\/de\/wp-json\/wp\/v2\/pages\/6844","targetHints":{"allow":["GET"]}}],"collection":[{"href":"https:\/\/multimontage.com\/de\/wp-json\/wp\/v2\/pages"}],"about":[{"href":"https:\/\/multimontage.com\/de\/wp-json\/wp\/v2\/types\/page"}],"author":[{"embeddable":true,"href":"https:\/\/multimontage.com\/de\/wp-json\/wp\/v2\/users\/1"}],"replies":[{"embeddable":true,"href":"https:\/\/multimontage.com\/de\/wp-json\/wp\/v2\/comments?post=6844"}],"version-history":[{"count":1,"href":"https:\/\/multimontage.com\/de\/wp-json\/wp\/v2\/pages\/6844\/revisions"}],"predecessor-version":[{"id":6845,"href":"https:\/\/multimontage.com\/de\/wp-json\/wp\/v2\/pages\/6844\/revisions\/6845"}],"wp:attachment":[{"href":"https:\/\/multimontage.com\/de\/wp-json\/wp\/v2\/media?parent=6844"}],"curies":[{"name":"wp","href":"https:\/\/api.w.org\/{rel}","templated":true}]}}