{"id":6736,"date":"2021-07-14T13:42:38","date_gmt":"2021-07-14T12:42:38","guid":{"rendered":"https:\/\/multimontage.com\/tietosuojakaytanto\/"},"modified":"2025-03-20T08:45:15","modified_gmt":"2025-03-20T07:45:15","slug":"tietosuojakaytanto","status":"publish","type":"page","link":"https:\/\/multimontage.com\/fi\/tietosuojakaytanto\/","title":{"rendered":"Tietosuojak\u00e4yt\u00e4nt\u00f6"},"content":{"rendered":"\t\t<div data-elementor-type=\"wp-page\" data-elementor-id=\"6736\" class=\"elementor elementor-6736 elementor-5956\" data-elementor-post-type=\"page\">\n\t\t\t\t\t\t<section class=\"elementor-section elementor-top-section elementor-element elementor-element-b59d19f elementor-section-content-middle elementor-section-boxed elementor-section-height-default elementor-section-height-default\" data-id=\"b59d19f\" data-element_type=\"section\" data-e-type=\"section\" data-settings=\"{&quot;background_background&quot;:&quot;classic&quot;}\">\n\t\t\t\t\t\t<div class=\"elementor-container elementor-column-gap-default\">\n\t\t\t\t\t<div class=\"elementor-column elementor-col-100 elementor-top-column elementor-element elementor-element-b6fc17a\" data-id=\"b6fc17a\" data-element_type=\"column\" data-e-type=\"column\">\n\t\t\t<div class=\"elementor-widget-wrap\">\n\t\t\t\t\t\t\t<\/div>\n\t\t<\/div>\n\t\t\t\t\t<\/div>\n\t\t<\/section>\n\t\t\t\t<section class=\"elementor-section elementor-top-section elementor-element elementor-element-0c0e7fc elementor-section-boxed elementor-section-height-default elementor-section-height-default\" data-id=\"0c0e7fc\" data-element_type=\"section\" data-e-type=\"section\">\n\t\t\t\t\t\t<div class=\"elementor-container elementor-column-gap-default\">\n\t\t\t\t\t<div class=\"elementor-column elementor-col-100 elementor-top-column elementor-element elementor-element-7020167\" data-id=\"7020167\" data-element_type=\"column\" data-e-type=\"column\">\n\t\t\t<div class=\"elementor-widget-wrap elementor-element-populated\">\n\t\t\t\t\t\t<div class=\"elementor-element elementor-element-ac2b786 elementor-widget elementor-widget-heading\" data-id=\"ac2b786\" data-element_type=\"widget\" data-e-type=\"widget\" data-widget_type=\"heading.default\">\n\t\t\t\t<div class=\"elementor-widget-container\">\n\t\t\t\t\t<h1 class=\"elementor-heading-title elementor-size-default\">Tietosuojak\u00e4yt\u00e4nt\u00f6<\/h1>\t\t\t\t<\/div>\n\t\t\t\t<\/div>\n\t\t\t\t<div class=\"elementor-element elementor-element-da60a0a elementor-widget elementor-widget-text-editor\" data-id=\"da60a0a\" data-element_type=\"widget\" data-e-type=\"widget\" data-widget_type=\"text-editor.default\">\n\t\t\t\t<div class=\"elementor-widget-container\">\n\t\t\t\t\t\t\t\t\t<div class=\"elementor-element elementor-element-5abe8fe elementor-widget elementor-widget-text-editor\" data-id=\"5abe8fe\" data-element_type=\"widget\" data-widget_type=\"text-editor.default\">\n<div class=\"elementor-widget-container\">\n<div class=\"elementor-text-editor elementor-clearfix\">\n<div class=\"elementor-element elementor-element-89b658b elementor-widget elementor-widget-text-editor\" data-id=\"89b658b\" data-element_type=\"widget\" data-widget_type=\"text-editor.default\">\n<div class=\"elementor-widget-container\">\n<div class=\"elementor-text-editor elementor-clearfix\">\n<div class=\"elementor-element elementor-element-5abe8fe elementor-widget elementor-widget-text-editor\" data-id=\"5abe8fe\" data-element_type=\"widget\" data-widget_type=\"text-editor.default\">\n<div class=\"elementor-widget-container\">\n<div class=\"elementor-text-editor elementor-clearfix\">\n<div class=\"elementor-element elementor-element-89b658b elementor-widget elementor-widget-text-editor\" data-id=\"89b658b\" data-element_type=\"widget\" data-widget_type=\"text-editor.default\">\n<div class=\"elementor-widget-container\">\n<div class=\"elementor-text-editor elementor-clearfix\">\n<div>\n<div>\n<div>\n<div>\n<div>\n<div>\n<p>Yksityisyytesi on meille t\u00e4rke\u00e4\u00e4. <span style=\"text-decoration: underline;\">Multimontage Sverige AB:n <\/span>k\u00e4yt\u00e4nt\u00f6n\u00e4 on kunnioittaa yksityisyytt\u00e4si koskien tietoja, joita voimme ker\u00e4t\u00e4 sinulta verkkosivustollamme <span style=\"text-decoration: underline;\">www.multimontage.com.<\/span>  <\/p>\n<p>Ker\u00e4\u00e4mme tietoja yhteyden ottamiseksi, liikesuhteen luomiseksi ja\/tai yll\u00e4pit\u00e4miseksi. Ker\u00e4\u00e4mme ne oikeudenmukaisin ja laillisin tavoin tietosi ja suostumuksesi perusteella. Kerromme my\u00f6s, miksi ker\u00e4\u00e4mme niit\u00e4 ja miten sit\u00e4 k\u00e4ytet\u00e4\u00e4n.   <\/p>\n<p>Tallennetut tiedot ovat kentti\u00e4, jotka kukin l\u00e4hetyslomake sis\u00e4lt\u00e4\u00e4. S\u00e4ilyt\u00e4mme tietoja niin kauan kuin on tarpeen k\u00e4sittelyn tarkoituksen kannalta. Perustamme henkil\u00f6tietojen ker\u00e4\u00e4misen suostumukseen.   <\/p>\n<p>Sinulla on oikeus pyyt\u00e4\u00e4 tietoja siit\u00e4, mit\u00e4 henkil\u00f6tietoja olemme sinusta tallentaneet. T\u00e4t\u00e4 varten ota yhteytt\u00e4 rekisterinpit\u00e4j\u00e4\u00e4n. Sinulla on my\u00f6s oikeus milloin tahansa pyyt\u00e4\u00e4 henkil\u00f6tietojesi korjaamista tai poistamista.   <\/p>\n<p>Verkkosivustomme jatkuvan k\u00e4yt\u00f6n katsotaan hyv\u00e4ksyv\u00e4n tietosuoja- ja henkil\u00f6tietok\u00e4yt\u00e4nt\u00f6mme. Jos sinulla on kysytt\u00e4v\u00e4\u00e4 siit\u00e4, miten k\u00e4sittelemme k\u00e4ytt\u00e4j\u00e4tietoja ja henkil\u00f6tietoja, ota meihin yhteytt\u00e4.  <\/p>\n<\/div>\n<\/div>\n<\/div>\n<\/div>\n<\/div>\n<\/div>\n<\/div>\n<\/div>\n<\/div>\n<\/div>\n<\/div>\n<\/div>\n<div class=\"elementor-element elementor-element-194d4ee elementor-widget elementor-widget-heading\" data-id=\"194d4ee\" data-element_type=\"widget\" data-widget_type=\"heading.default\">\n<div class=\"elementor-widget-container\">\n<h5 class=\"elementor-heading-title elementor-size-default\">Henkil\u00f6tiedoista vastaavan henkil\u00f6n yhteystiedot<\/h5>\n<\/div>\n<\/div>\n<div class=\"elementor-element elementor-element-476de0e elementor-widget elementor-widget-text-editor\" data-id=\"476de0e\" data-element_type=\"widget\" data-widget_type=\"text-editor.default\">\n<div class=\"elementor-widget-container\">\n<div class=\"elementor-text-editor elementor-clearfix\">\n<div class=\"elementor-element elementor-element-89b658b elementor-widget elementor-widget-text-editor\" data-id=\"89b658b\" data-element_type=\"widget\" data-widget_type=\"text-editor.default\">\n<div class=\"elementor-widget-container\">\n<div class=\"elementor-text-editor elementor-clearfix\">\n<div>\n<div>\n<div>\n<div>\n<div>\n<div>Email: <a href=\"mailto:info@multimontage.com\">info@multimontage.com<\/a><\/div>\n<\/div>\n<\/div>\n<\/div>\n<\/div>\n<\/div>\n<\/div>\n<\/div>\n<\/div>\n<\/div>\n<\/div>\n<\/div>\n<\/div>\n<\/div>\n<\/div>\n<\/div>\n<\/div>\n<\/div>\n\t\t\t\t\t\t\t\t<\/div>\n\t\t\t\t<\/div>\n\t\t\t\t\t<\/div>\n\t\t<\/div>\n\t\t\t\t\t<\/div>\n\t\t<\/section>\n\t\t\t\t<\/div>\n\t\t","protected":false},"excerpt":{"rendered":"<p>Tietosuojak\u00e4yt\u00e4nt\u00f6 Yksityisyytesi on meille t\u00e4rke\u00e4\u00e4. Multimontage Sverige AB:n k\u00e4yt\u00e4nt\u00f6n\u00e4 on kunnioittaa yksityisyytt\u00e4si koskien tietoja, joita voimme ker\u00e4t\u00e4 sinulta verkkosivustollamme www.multimontage.com. Ker\u00e4\u00e4mme tietoja yhteyden ottamiseksi, liikesuhteen luomiseksi ja\/tai yll\u00e4pit\u00e4miseksi. Ker\u00e4\u00e4mme ne oikeudenmukaisin ja laillisin tavoin tietosi ja suostumuksesi perusteella. Kerromme my\u00f6s, miksi ker\u00e4\u00e4mme niit\u00e4 ja miten sit\u00e4 k\u00e4ytet\u00e4\u00e4n. Tallennetut tiedot ovat kentti\u00e4, jotka kukin l\u00e4hetyslomake sis\u00e4lt\u00e4\u00e4. [&hellip;]<\/p>\n","protected":false},"author":1,"featured_media":0,"parent":0,"menu_order":0,"comment_status":"closed","ping_status":"closed","template":"elementor_header_footer","meta":{"footnotes":""},"class_list":["post-6736","page","type-page","status-publish","hentry"],"yoast_head":"<!-- This site is optimized with the Yoast SEO plugin v27.4 - https:\/\/yoast.com\/product\/yoast-seo-wordpress\/ -->\n<title>Tietosuojak\u00e4yt\u00e4nt\u00f6 - Multimontage<\/title>\n<meta name=\"robots\" content=\"noindex, nofollow\" \/>\n<meta property=\"og:locale\" content=\"fi_FI\" \/>\n<meta property=\"og:type\" content=\"article\" \/>\n<meta property=\"og:title\" content=\"Tietosuojak\u00e4yt\u00e4nt\u00f6 - Multimontage\" \/>\n<meta property=\"og:description\" content=\"Tietosuojak\u00e4yt\u00e4nt\u00f6 Yksityisyytesi on meille t\u00e4rke\u00e4\u00e4. Multimontage Sverige AB:n k\u00e4yt\u00e4nt\u00f6n\u00e4 on kunnioittaa yksityisyytt\u00e4si koskien tietoja, joita voimme ker\u00e4t\u00e4 sinulta verkkosivustollamme www.multimontage.com. Ker\u00e4\u00e4mme tietoja yhteyden ottamiseksi, liikesuhteen luomiseksi ja\/tai yll\u00e4pit\u00e4miseksi. Ker\u00e4\u00e4mme ne oikeudenmukaisin ja laillisin tavoin tietosi ja suostumuksesi perusteella. Kerromme my\u00f6s, miksi ker\u00e4\u00e4mme niit\u00e4 ja miten sit\u00e4 k\u00e4ytet\u00e4\u00e4n. Tallennetut tiedot ovat kentti\u00e4, jotka kukin l\u00e4hetyslomake sis\u00e4lt\u00e4\u00e4. [&hellip;]\" \/>\n<meta property=\"og:url\" content=\"https:\/\/multimontage.com\/fi\/tietosuojakaytanto\/\" \/>\n<meta property=\"og:site_name\" content=\"Multimontage\" \/>\n<meta property=\"article:modified_time\" content=\"2025-03-20T07:45:15+00:00\" \/>\n<meta name=\"twitter:card\" content=\"summary_large_image\" \/>\n<meta name=\"twitter:label1\" content=\"Arvioitu lukuaika\" \/>\n\t<meta name=\"twitter:data1\" content=\"1 minuutti\" \/>\n<script type=\"application\/ld+json\" class=\"yoast-schema-graph\">{\"@context\":\"https:\\\/\\\/schema.org\",\"@graph\":[{\"@type\":\"WebPage\",\"@id\":\"https:\\\/\\\/multimontage.com\\\/fi\\\/tietosuojakaytanto\\\/\",\"url\":\"https:\\\/\\\/multimontage.com\\\/fi\\\/tietosuojakaytanto\\\/\",\"name\":\"Tietosuojak\u00e4yt\u00e4nt\u00f6 - Multimontage\",\"isPartOf\":{\"@id\":\"https:\\\/\\\/multimontage.com\\\/fi\\\/#website\"},\"datePublished\":\"2021-07-14T12:42:38+00:00\",\"dateModified\":\"2025-03-20T07:45:15+00:00\",\"breadcrumb\":{\"@id\":\"https:\\\/\\\/multimontage.com\\\/fi\\\/tietosuojakaytanto\\\/#breadcrumb\"},\"inLanguage\":\"fi\",\"potentialAction\":[{\"@type\":\"ReadAction\",\"target\":[\"https:\\\/\\\/multimontage.com\\\/fi\\\/tietosuojakaytanto\\\/\"]}]},{\"@type\":\"BreadcrumbList\",\"@id\":\"https:\\\/\\\/multimontage.com\\\/fi\\\/tietosuojakaytanto\\\/#breadcrumb\",\"itemListElement\":[{\"@type\":\"ListItem\",\"position\":1,\"name\":\"Hem\",\"item\":\"https:\\\/\\\/multimontage.com\\\/fi\\\/\"},{\"@type\":\"ListItem\",\"position\":2,\"name\":\"Tietosuojak\u00e4yt\u00e4nt\u00f6\"}]},{\"@type\":\"WebSite\",\"@id\":\"https:\\\/\\\/multimontage.com\\\/fi\\\/#website\",\"url\":\"https:\\\/\\\/multimontage.com\\\/fi\\\/\",\"name\":\"Multimontage\",\"description\":\"\",\"publisher\":{\"@id\":\"https:\\\/\\\/multimontage.com\\\/fi\\\/#organization\"},\"potentialAction\":[{\"@type\":\"SearchAction\",\"target\":{\"@type\":\"EntryPoint\",\"urlTemplate\":\"https:\\\/\\\/multimontage.com\\\/fi\\\/?s={search_term_string}\"},\"query-input\":{\"@type\":\"PropertyValueSpecification\",\"valueRequired\":true,\"valueName\":\"search_term_string\"}}],\"inLanguage\":\"fi\"},{\"@type\":\"Organization\",\"@id\":\"https:\\\/\\\/multimontage.com\\\/fi\\\/#organization\",\"name\":\"Multimontage\",\"url\":\"https:\\\/\\\/multimontage.com\\\/fi\\\/\",\"logo\":{\"@type\":\"ImageObject\",\"inLanguage\":\"fi\",\"@id\":\"https:\\\/\\\/multimontage.com\\\/fi\\\/#\\\/schema\\\/logo\\\/image\\\/\",\"url\":\"https:\\\/\\\/multimontage.com\\\/wp-content\\\/uploads\\\/2023\\\/12\\\/MMlogo_vit.png\",\"contentUrl\":\"https:\\\/\\\/multimontage.com\\\/wp-content\\\/uploads\\\/2023\\\/12\\\/MMlogo_vit.png\",\"width\":546,\"height\":296,\"caption\":\"Multimontage\"},\"image\":{\"@id\":\"https:\\\/\\\/multimontage.com\\\/fi\\\/#\\\/schema\\\/logo\\\/image\\\/\"}}]}<\/script>\n<!-- \/ Yoast SEO plugin. -->","yoast_head_json":{"title":"Tietosuojak\u00e4yt\u00e4nt\u00f6 - Multimontage","robots":{"index":"noindex","follow":"nofollow"},"og_locale":"fi_FI","og_type":"article","og_title":"Tietosuojak\u00e4yt\u00e4nt\u00f6 - Multimontage","og_description":"Tietosuojak\u00e4yt\u00e4nt\u00f6 Yksityisyytesi on meille t\u00e4rke\u00e4\u00e4. Multimontage Sverige AB:n k\u00e4yt\u00e4nt\u00f6n\u00e4 on kunnioittaa yksityisyytt\u00e4si koskien tietoja, joita voimme ker\u00e4t\u00e4 sinulta verkkosivustollamme www.multimontage.com. Ker\u00e4\u00e4mme tietoja yhteyden ottamiseksi, liikesuhteen luomiseksi ja\/tai yll\u00e4pit\u00e4miseksi. Ker\u00e4\u00e4mme ne oikeudenmukaisin ja laillisin tavoin tietosi ja suostumuksesi perusteella. Kerromme my\u00f6s, miksi ker\u00e4\u00e4mme niit\u00e4 ja miten sit\u00e4 k\u00e4ytet\u00e4\u00e4n. Tallennetut tiedot ovat kentti\u00e4, jotka kukin l\u00e4hetyslomake sis\u00e4lt\u00e4\u00e4. [&hellip;]","og_url":"https:\/\/multimontage.com\/fi\/tietosuojakaytanto\/","og_site_name":"Multimontage","article_modified_time":"2025-03-20T07:45:15+00:00","twitter_card":"summary_large_image","twitter_misc":{"Arvioitu lukuaika":"1 minuutti"},"schema":{"@context":"https:\/\/schema.org","@graph":[{"@type":"WebPage","@id":"https:\/\/multimontage.com\/fi\/tietosuojakaytanto\/","url":"https:\/\/multimontage.com\/fi\/tietosuojakaytanto\/","name":"Tietosuojak\u00e4yt\u00e4nt\u00f6 - Multimontage","isPartOf":{"@id":"https:\/\/multimontage.com\/fi\/#website"},"datePublished":"2021-07-14T12:42:38+00:00","dateModified":"2025-03-20T07:45:15+00:00","breadcrumb":{"@id":"https:\/\/multimontage.com\/fi\/tietosuojakaytanto\/#breadcrumb"},"inLanguage":"fi","potentialAction":[{"@type":"ReadAction","target":["https:\/\/multimontage.com\/fi\/tietosuojakaytanto\/"]}]},{"@type":"BreadcrumbList","@id":"https:\/\/multimontage.com\/fi\/tietosuojakaytanto\/#breadcrumb","itemListElement":[{"@type":"ListItem","position":1,"name":"Hem","item":"https:\/\/multimontage.com\/fi\/"},{"@type":"ListItem","position":2,"name":"Tietosuojak\u00e4yt\u00e4nt\u00f6"}]},{"@type":"WebSite","@id":"https:\/\/multimontage.com\/fi\/#website","url":"https:\/\/multimontage.com\/fi\/","name":"Multimontage","description":"","publisher":{"@id":"https:\/\/multimontage.com\/fi\/#organization"},"potentialAction":[{"@type":"SearchAction","target":{"@type":"EntryPoint","urlTemplate":"https:\/\/multimontage.com\/fi\/?s={search_term_string}"},"query-input":{"@type":"PropertyValueSpecification","valueRequired":true,"valueName":"search_term_string"}}],"inLanguage":"fi"},{"@type":"Organization","@id":"https:\/\/multimontage.com\/fi\/#organization","name":"Multimontage","url":"https:\/\/multimontage.com\/fi\/","logo":{"@type":"ImageObject","inLanguage":"fi","@id":"https:\/\/multimontage.com\/fi\/#\/schema\/logo\/image\/","url":"https:\/\/multimontage.com\/wp-content\/uploads\/2023\/12\/MMlogo_vit.png","contentUrl":"https:\/\/multimontage.com\/wp-content\/uploads\/2023\/12\/MMlogo_vit.png","width":546,"height":296,"caption":"Multimontage"},"image":{"@id":"https:\/\/multimontage.com\/fi\/#\/schema\/logo\/image\/"}}]}},"_links":{"self":[{"href":"https:\/\/multimontage.com\/fi\/wp-json\/wp\/v2\/pages\/6736","targetHints":{"allow":["GET"]}}],"collection":[{"href":"https:\/\/multimontage.com\/fi\/wp-json\/wp\/v2\/pages"}],"about":[{"href":"https:\/\/multimontage.com\/fi\/wp-json\/wp\/v2\/types\/page"}],"author":[{"embeddable":true,"href":"https:\/\/multimontage.com\/fi\/wp-json\/wp\/v2\/users\/1"}],"replies":[{"embeddable":true,"href":"https:\/\/multimontage.com\/fi\/wp-json\/wp\/v2\/comments?post=6736"}],"version-history":[{"count":1,"href":"https:\/\/multimontage.com\/fi\/wp-json\/wp\/v2\/pages\/6736\/revisions"}],"predecessor-version":[{"id":6737,"href":"https:\/\/multimontage.com\/fi\/wp-json\/wp\/v2\/pages\/6736\/revisions\/6737"}],"wp:attachment":[{"href":"https:\/\/multimontage.com\/fi\/wp-json\/wp\/v2\/media?parent=6736"}],"curies":[{"name":"wp","href":"https:\/\/api.w.org\/{rel}","templated":true}]}}