{"id":6299,"date":"2021-07-14T13:42:38","date_gmt":"2021-07-14T12:42:38","guid":{"rendered":"https:\/\/multimontage.com\/politique-de-confidentialite\/"},"modified":"2025-03-17T07:31:22","modified_gmt":"2025-03-17T06:31:22","slug":"politique-de-confidentialite","status":"publish","type":"page","link":"https:\/\/multimontage.com\/fr\/politique-de-confidentialite\/","title":{"rendered":"politique de confidentialit\u00e9"},"content":{"rendered":"\t\t<div data-elementor-type=\"wp-page\" data-elementor-id=\"6299\" class=\"elementor elementor-6299 elementor-447\" data-elementor-post-type=\"page\">\n\t\t\t\t\t\t<section class=\"elementor-section elementor-top-section elementor-element elementor-element-b59d19f elementor-section-content-middle elementor-section-boxed elementor-section-height-default elementor-section-height-default\" data-id=\"b59d19f\" data-element_type=\"section\" data-e-type=\"section\" data-settings=\"{&quot;background_background&quot;:&quot;classic&quot;}\">\n\t\t\t\t\t\t<div class=\"elementor-container elementor-column-gap-default\">\n\t\t\t\t\t<div class=\"elementor-column elementor-col-100 elementor-top-column elementor-element elementor-element-b6fc17a\" data-id=\"b6fc17a\" data-element_type=\"column\" data-e-type=\"column\">\n\t\t\t<div class=\"elementor-widget-wrap\">\n\t\t\t\t\t\t\t<\/div>\n\t\t<\/div>\n\t\t\t\t\t<\/div>\n\t\t<\/section>\n\t\t\t\t<section class=\"elementor-section elementor-top-section elementor-element elementor-element-0c0e7fc elementor-section-boxed elementor-section-height-default elementor-section-height-default\" data-id=\"0c0e7fc\" data-element_type=\"section\" data-e-type=\"section\">\n\t\t\t\t\t\t<div class=\"elementor-container elementor-column-gap-default\">\n\t\t\t\t\t<div class=\"elementor-column elementor-col-100 elementor-top-column elementor-element elementor-element-7020167\" data-id=\"7020167\" data-element_type=\"column\" data-e-type=\"column\">\n\t\t\t<div class=\"elementor-widget-wrap elementor-element-populated\">\n\t\t\t\t\t\t<div class=\"elementor-element elementor-element-ac2b786 elementor-widget elementor-widget-heading\" data-id=\"ac2b786\" data-element_type=\"widget\" data-e-type=\"widget\" data-widget_type=\"heading.default\">\n\t\t\t\t<div class=\"elementor-widget-container\">\n\t\t\t\t\t<h1 class=\"elementor-heading-title elementor-size-default\">Politique de qualit\u00e9 et d'environnement<\/h1>\t\t\t\t<\/div>\n\t\t\t\t<\/div>\n\t\t\t\t<div class=\"elementor-element elementor-element-da60a0a elementor-widget elementor-widget-text-editor\" data-id=\"da60a0a\" data-element_type=\"widget\" data-e-type=\"widget\" data-widget_type=\"text-editor.default\">\n\t\t\t\t<div class=\"elementor-widget-container\">\n\t\t\t\t\t\t\t\t\t<div class=\"elementor-element elementor-element-5abe8fe elementor-widget elementor-widget-text-editor\" data-id=\"5abe8fe\" data-element_type=\"widget\" data-widget_type=\"text-editor.default\"><div class=\"elementor-widget-container\"><div class=\"elementor-text-editor elementor-clearfix\"><div class=\"elementor-element elementor-element-89b658b elementor-widget elementor-widget-text-editor\" data-id=\"89b658b\" data-element_type=\"widget\" data-widget_type=\"text-editor.default\"><div class=\"elementor-widget-container\"><div class=\"elementor-text-editor elementor-clearfix\"><div class=\"elementor-element elementor-element-5abe8fe elementor-widget elementor-widget-text-editor\" data-id=\"5abe8fe\" data-element_type=\"widget\" data-widget_type=\"text-editor.default\"><div class=\"elementor-widget-container\"><div class=\"elementor-text-editor elementor-clearfix\"><div class=\"elementor-element elementor-element-89b658b elementor-widget elementor-widget-text-editor\" data-id=\"89b658b\" data-element_type=\"widget\" data-widget_type=\"text-editor.default\"><div class=\"elementor-widget-container\"><div class=\"elementor-text-editor elementor-clearfix\"><div><div><div><div><div><div><p>Votre vie priv\u00e9e est importante pour nous. La politique de <span style=\"text-decoration: underline;\">Multimontage Sverige AB <\/span>est de respecter votre vie priv\u00e9e concernant toute information que nous pouvons collecter aupr\u00e8s de vous sur notre site Web, <span style=\"text-decoration: underline;\">www.multimontage.com.<\/span><\/p><p>Nous collectons des informations pour contacter, \u00e9tablir et\/ou entretenir une relation commerciale. Nous les collectons de mani\u00e8re juste et l\u00e9gale, avec votre connaissance et votre consentement. Nous vous indiquons \u00e9galement pourquoi nous les collectons et comment elles seront utilis\u00e9es.<\/p><p>Les donn\u00e9es stock\u00e9es sont les champs que contient chaque formulaire de soumission. Nous conservons les donn\u00e9es aussi longtemps que n\u00e9cessaire compte tenu des finalit\u00e9s du traitement. Nous basons la collecte de donn\u00e9es personnelles sur le consentement.<\/p><p>Vous avez le droit de demander des informations sur les donn\u00e9es personnelles que nous avons stock\u00e9es \u00e0 votre sujet. Pour ce faire, veuillez contacter le responsable du traitement des donn\u00e9es. Vous avez \u00e9galement le droit de demander \u00e0 tout moment la rectification ou la suppression de vos donn\u00e9es personnelles.<\/p><p>Votre utilisation continue de notre site Web sera consid\u00e9r\u00e9e comme une acceptation de nos pratiques en mati\u00e8re de confidentialit\u00e9 et d\u2019informations personnelles. Si vous avez des questions sur la mani\u00e8re dont nous traitons les donn\u00e9es utilisateur et les informations personnelles, veuillez nous contacter.<\/p><\/div><\/div><\/div><\/div><\/div><\/div><\/div><\/div><\/div><\/div><\/div><\/div><div class=\"elementor-element elementor-element-194d4ee elementor-widget elementor-widget-heading\" data-id=\"194d4ee\" data-element_type=\"widget\" data-widget_type=\"heading.default\"><div class=\"elementor-widget-container\"><h5 class=\"elementor-heading-title elementor-size-default\">Coordonn\u00e9es du responsable du traitement des donn\u00e9es<\/h5><\/div><\/div><div class=\"elementor-element elementor-element-476de0e elementor-widget elementor-widget-text-editor\" data-id=\"476de0e\" data-element_type=\"widget\" data-widget_type=\"text-editor.default\"><div class=\"elementor-widget-container\"><div class=\"elementor-text-editor elementor-clearfix\"><div class=\"elementor-element elementor-element-89b658b elementor-widget elementor-widget-text-editor\" data-id=\"89b658b\" data-element_type=\"widget\" data-widget_type=\"text-editor.default\"><div class=\"elementor-widget-container\"><div class=\"elementor-text-editor elementor-clearfix\"><div><div><div><div><div><div>E-mail: <a href=\"mailto:info@multimontage.com\">info@multimontage.com<\/a><\/div><\/div><\/div><\/div><\/div><\/div><\/div><\/div><\/div><\/div><\/div><\/div><\/div><\/div><\/div><\/div><\/div><\/div>\t\t\t\t\t\t\t\t<\/div>\n\t\t\t\t<\/div>\n\t\t\t\t\t<\/div>\n\t\t<\/div>\n\t\t\t\t\t<\/div>\n\t\t<\/section>\n\t\t\t\t<\/div>\n\t\t","protected":false},"excerpt":{"rendered":"<p>Politique de qualit\u00e9 et d&rsquo;environnement Votre vie priv\u00e9e est importante pour nous. La politique de Multimontage Sverige AB est de respecter votre vie priv\u00e9e concernant toute information que nous pouvons collecter aupr\u00e8s de vous sur notre site Web, www.multimontage.com. Nous collectons des informations pour contacter, \u00e9tablir et\/ou entretenir une relation commerciale. Nous les collectons de [&hellip;]<\/p>\n","protected":false},"author":1,"featured_media":0,"parent":0,"menu_order":0,"comment_status":"closed","ping_status":"closed","template":"elementor_header_footer","meta":{"footnotes":""},"class_list":["post-6299","page","type-page","status-publish","hentry"],"yoast_head":"<!-- This site is optimized with the Yoast SEO plugin v27.4 - https:\/\/yoast.com\/product\/yoast-seo-wordpress\/ -->\n<title>politique de confidentialit\u00e9 - Multimontage<\/title>\n<meta name=\"robots\" content=\"noindex, nofollow\" \/>\n<meta property=\"og:locale\" content=\"fr_FR\" \/>\n<meta property=\"og:type\" content=\"article\" \/>\n<meta property=\"og:title\" content=\"politique de confidentialit\u00e9 - Multimontage\" \/>\n<meta property=\"og:description\" content=\"Politique de qualit\u00e9 et d&rsquo;environnement Votre vie priv\u00e9e est importante pour nous. La politique de Multimontage Sverige AB est de respecter votre vie priv\u00e9e concernant toute information que nous pouvons collecter aupr\u00e8s de vous sur notre site Web, www.multimontage.com. Nous collectons des informations pour contacter, \u00e9tablir et\/ou entretenir une relation commerciale. Nous les collectons de [&hellip;]\" \/>\n<meta property=\"og:url\" content=\"https:\/\/multimontage.com\/fr\/politique-de-confidentialite\/\" \/>\n<meta property=\"og:site_name\" content=\"Multimontage\" \/>\n<meta property=\"article:modified_time\" content=\"2025-03-17T06:31:22+00:00\" \/>\n<meta name=\"twitter:card\" content=\"summary_large_image\" \/>\n<meta name=\"twitter:label1\" content=\"Dur\u00e9e de lecture estim\u00e9e\" \/>\n\t<meta name=\"twitter:data1\" content=\"6 minutes\" \/>\n<script type=\"application\/ld+json\" class=\"yoast-schema-graph\">{\"@context\":\"https:\\\/\\\/schema.org\",\"@graph\":[{\"@type\":\"WebPage\",\"@id\":\"https:\\\/\\\/multimontage.com\\\/fr\\\/politique-de-confidentialite\\\/\",\"url\":\"https:\\\/\\\/multimontage.com\\\/fr\\\/politique-de-confidentialite\\\/\",\"name\":\"politique de confidentialit\u00e9 - Multimontage\",\"isPartOf\":{\"@id\":\"https:\\\/\\\/multimontage.com\\\/fr\\\/#website\"},\"datePublished\":\"2021-07-14T12:42:38+00:00\",\"dateModified\":\"2025-03-17T06:31:22+00:00\",\"breadcrumb\":{\"@id\":\"https:\\\/\\\/multimontage.com\\\/fr\\\/politique-de-confidentialite\\\/#breadcrumb\"},\"inLanguage\":\"fr-FR\",\"potentialAction\":[{\"@type\":\"ReadAction\",\"target\":[\"https:\\\/\\\/multimontage.com\\\/fr\\\/politique-de-confidentialite\\\/\"]}]},{\"@type\":\"BreadcrumbList\",\"@id\":\"https:\\\/\\\/multimontage.com\\\/fr\\\/politique-de-confidentialite\\\/#breadcrumb\",\"itemListElement\":[{\"@type\":\"ListItem\",\"position\":1,\"name\":\"Hem\",\"item\":\"https:\\\/\\\/multimontage.com\\\/fr\\\/\"},{\"@type\":\"ListItem\",\"position\":2,\"name\":\"politique de confidentialit\u00e9\"}]},{\"@type\":\"WebSite\",\"@id\":\"https:\\\/\\\/multimontage.com\\\/fr\\\/#website\",\"url\":\"https:\\\/\\\/multimontage.com\\\/fr\\\/\",\"name\":\"Multimontage\",\"description\":\"\",\"publisher\":{\"@id\":\"https:\\\/\\\/multimontage.com\\\/fr\\\/#organization\"},\"potentialAction\":[{\"@type\":\"SearchAction\",\"target\":{\"@type\":\"EntryPoint\",\"urlTemplate\":\"https:\\\/\\\/multimontage.com\\\/fr\\\/?s={search_term_string}\"},\"query-input\":{\"@type\":\"PropertyValueSpecification\",\"valueRequired\":true,\"valueName\":\"search_term_string\"}}],\"inLanguage\":\"fr-FR\"},{\"@type\":\"Organization\",\"@id\":\"https:\\\/\\\/multimontage.com\\\/fr\\\/#organization\",\"name\":\"Multimontage\",\"url\":\"https:\\\/\\\/multimontage.com\\\/fr\\\/\",\"logo\":{\"@type\":\"ImageObject\",\"inLanguage\":\"fr-FR\",\"@id\":\"https:\\\/\\\/multimontage.com\\\/fr\\\/#\\\/schema\\\/logo\\\/image\\\/\",\"url\":\"https:\\\/\\\/multimontage.com\\\/wp-content\\\/uploads\\\/2023\\\/12\\\/MMlogo_vit.png\",\"contentUrl\":\"https:\\\/\\\/multimontage.com\\\/wp-content\\\/uploads\\\/2023\\\/12\\\/MMlogo_vit.png\",\"width\":546,\"height\":296,\"caption\":\"Multimontage\"},\"image\":{\"@id\":\"https:\\\/\\\/multimontage.com\\\/fr\\\/#\\\/schema\\\/logo\\\/image\\\/\"}}]}<\/script>\n<!-- \/ Yoast SEO plugin. -->","yoast_head_json":{"title":"politique de confidentialit\u00e9 - Multimontage","robots":{"index":"noindex","follow":"nofollow"},"og_locale":"fr_FR","og_type":"article","og_title":"politique de confidentialit\u00e9 - Multimontage","og_description":"Politique de qualit\u00e9 et d&rsquo;environnement Votre vie priv\u00e9e est importante pour nous. La politique de Multimontage Sverige AB est de respecter votre vie priv\u00e9e concernant toute information que nous pouvons collecter aupr\u00e8s de vous sur notre site Web, www.multimontage.com. Nous collectons des informations pour contacter, \u00e9tablir et\/ou entretenir une relation commerciale. Nous les collectons de [&hellip;]","og_url":"https:\/\/multimontage.com\/fr\/politique-de-confidentialite\/","og_site_name":"Multimontage","article_modified_time":"2025-03-17T06:31:22+00:00","twitter_card":"summary_large_image","twitter_misc":{"Dur\u00e9e de lecture estim\u00e9e":"6 minutes"},"schema":{"@context":"https:\/\/schema.org","@graph":[{"@type":"WebPage","@id":"https:\/\/multimontage.com\/fr\/politique-de-confidentialite\/","url":"https:\/\/multimontage.com\/fr\/politique-de-confidentialite\/","name":"politique de confidentialit\u00e9 - Multimontage","isPartOf":{"@id":"https:\/\/multimontage.com\/fr\/#website"},"datePublished":"2021-07-14T12:42:38+00:00","dateModified":"2025-03-17T06:31:22+00:00","breadcrumb":{"@id":"https:\/\/multimontage.com\/fr\/politique-de-confidentialite\/#breadcrumb"},"inLanguage":"fr-FR","potentialAction":[{"@type":"ReadAction","target":["https:\/\/multimontage.com\/fr\/politique-de-confidentialite\/"]}]},{"@type":"BreadcrumbList","@id":"https:\/\/multimontage.com\/fr\/politique-de-confidentialite\/#breadcrumb","itemListElement":[{"@type":"ListItem","position":1,"name":"Hem","item":"https:\/\/multimontage.com\/fr\/"},{"@type":"ListItem","position":2,"name":"politique de confidentialit\u00e9"}]},{"@type":"WebSite","@id":"https:\/\/multimontage.com\/fr\/#website","url":"https:\/\/multimontage.com\/fr\/","name":"Multimontage","description":"","publisher":{"@id":"https:\/\/multimontage.com\/fr\/#organization"},"potentialAction":[{"@type":"SearchAction","target":{"@type":"EntryPoint","urlTemplate":"https:\/\/multimontage.com\/fr\/?s={search_term_string}"},"query-input":{"@type":"PropertyValueSpecification","valueRequired":true,"valueName":"search_term_string"}}],"inLanguage":"fr-FR"},{"@type":"Organization","@id":"https:\/\/multimontage.com\/fr\/#organization","name":"Multimontage","url":"https:\/\/multimontage.com\/fr\/","logo":{"@type":"ImageObject","inLanguage":"fr-FR","@id":"https:\/\/multimontage.com\/fr\/#\/schema\/logo\/image\/","url":"https:\/\/multimontage.com\/wp-content\/uploads\/2023\/12\/MMlogo_vit.png","contentUrl":"https:\/\/multimontage.com\/wp-content\/uploads\/2023\/12\/MMlogo_vit.png","width":546,"height":296,"caption":"Multimontage"},"image":{"@id":"https:\/\/multimontage.com\/fr\/#\/schema\/logo\/image\/"}}]}},"_links":{"self":[{"href":"https:\/\/multimontage.com\/fr\/wp-json\/wp\/v2\/pages\/6299","targetHints":{"allow":["GET"]}}],"collection":[{"href":"https:\/\/multimontage.com\/fr\/wp-json\/wp\/v2\/pages"}],"about":[{"href":"https:\/\/multimontage.com\/fr\/wp-json\/wp\/v2\/types\/page"}],"author":[{"embeddable":true,"href":"https:\/\/multimontage.com\/fr\/wp-json\/wp\/v2\/users\/1"}],"replies":[{"embeddable":true,"href":"https:\/\/multimontage.com\/fr\/wp-json\/wp\/v2\/comments?post=6299"}],"version-history":[{"count":4,"href":"https:\/\/multimontage.com\/fr\/wp-json\/wp\/v2\/pages\/6299\/revisions"}],"predecessor-version":[{"id":6303,"href":"https:\/\/multimontage.com\/fr\/wp-json\/wp\/v2\/pages\/6299\/revisions\/6303"}],"wp:attachment":[{"href":"https:\/\/multimontage.com\/fr\/wp-json\/wp\/v2\/media?parent=6299"}],"curies":[{"name":"wp","href":"https:\/\/api.w.org\/{rel}","templated":true}]}}