{"id":5997,"date":"2021-07-14T13:42:38","date_gmt":"2021-07-14T12:42:38","guid":{"rendered":"https:\/\/multimontage.com\/personvernerklaering\/"},"modified":"2024-10-18T08:53:30","modified_gmt":"2024-10-18T07:53:30","slug":"personvernerklaering","status":"publish","type":"page","link":"https:\/\/multimontage.com\/no\/personvernerklaering\/","title":{"rendered":"Personvernerkl\u00e6ring"},"content":{"rendered":"\t\t<div data-elementor-type=\"wp-page\" data-elementor-id=\"5997\" class=\"elementor elementor-5997 elementor-447\" data-elementor-post-type=\"page\">\n\t\t\t\t\t\t<section class=\"elementor-section elementor-top-section elementor-element elementor-element-b59d19f elementor-section-content-middle elementor-section-boxed elementor-section-height-default elementor-section-height-default\" data-id=\"b59d19f\" data-element_type=\"section\" data-e-type=\"section\" data-settings=\"{&quot;background_background&quot;:&quot;classic&quot;}\">\n\t\t\t\t\t\t<div class=\"elementor-container elementor-column-gap-default\">\n\t\t\t\t\t<div class=\"elementor-column elementor-col-100 elementor-top-column elementor-element elementor-element-b6fc17a\" data-id=\"b6fc17a\" data-element_type=\"column\" data-e-type=\"column\">\n\t\t\t<div class=\"elementor-widget-wrap\">\n\t\t\t\t\t\t\t<\/div>\n\t\t<\/div>\n\t\t\t\t\t<\/div>\n\t\t<\/section>\n\t\t\t\t<section class=\"elementor-section elementor-top-section elementor-element elementor-element-0c0e7fc elementor-section-boxed elementor-section-height-default elementor-section-height-default\" data-id=\"0c0e7fc\" data-element_type=\"section\" data-e-type=\"section\">\n\t\t\t\t\t\t<div class=\"elementor-container elementor-column-gap-default\">\n\t\t\t\t\t<div class=\"elementor-column elementor-col-100 elementor-top-column elementor-element elementor-element-7020167\" data-id=\"7020167\" data-element_type=\"column\" data-e-type=\"column\">\n\t\t\t<div class=\"elementor-widget-wrap elementor-element-populated\">\n\t\t\t\t\t\t<div class=\"elementor-element elementor-element-ac2b786 elementor-widget elementor-widget-heading\" data-id=\"ac2b786\" data-element_type=\"widget\" data-e-type=\"widget\" data-widget_type=\"heading.default\">\n\t\t\t\t<div class=\"elementor-widget-container\">\n\t\t\t\t\t<h1 class=\"elementor-heading-title elementor-size-default\">Personvernerkl\u00e6ring<\/h1>\t\t\t\t<\/div>\n\t\t\t\t<\/div>\n\t\t\t\t<div class=\"elementor-element elementor-element-da60a0a elementor-widget elementor-widget-text-editor\" data-id=\"da60a0a\" data-element_type=\"widget\" data-e-type=\"widget\" data-widget_type=\"text-editor.default\">\n\t\t\t\t<div class=\"elementor-widget-container\">\n\t\t\t\t\t\t\t\t\t<div class=\"elementor-element elementor-element-5abe8fe elementor-widget elementor-widget-text-editor\" data-id=\"5abe8fe\" data-element_type=\"widget\" data-widget_type=\"text-editor.default\">\n<div class=\"elementor-widget-container\">\n<div class=\"elementor-text-editor elementor-clearfix\">\n<div class=\"elementor-element elementor-element-89b658b elementor-widget elementor-widget-text-editor\" data-id=\"89b658b\" data-element_type=\"widget\" data-widget_type=\"text-editor.default\">\n<div class=\"elementor-widget-container\">\n<div class=\"elementor-text-editor elementor-clearfix\">\n<div class=\"elementor-element elementor-element-5abe8fe elementor-widget elementor-widget-text-editor\" data-id=\"5abe8fe\" data-element_type=\"widget\" data-widget_type=\"text-editor.default\">\n<div class=\"elementor-widget-container\">\n<div class=\"elementor-text-editor elementor-clearfix\">\n<div class=\"elementor-element elementor-element-89b658b elementor-widget elementor-widget-text-editor\" data-id=\"89b658b\" data-element_type=\"widget\" data-widget_type=\"text-editor.default\">\n<div class=\"elementor-widget-container\">\n<div class=\"elementor-text-editor elementor-clearfix\">\n<div>\n<div>\n<div>\n<div>\n<div>\n<div>\n<p>Personvernet ditt er viktig for oss. Det er <span style=\"text-decoration: underline;\">Multimontage Sverige ABs<\/span> policy \u00e5 respektere personvernet ditt ang\u00e5ende all informasjon vi kan samle inn fra deg p\u00e5 nettstedet v\u00e5rt, <span style=\"text-decoration: underline;\">www.multimontage.com<\/span>. <\/p>\n<p>Vi samler inn informasjon for \u00e5 ta kontakt, etablere og\/eller opprettholde et forretningsforhold. Vi samler det inn p\u00e5 rettferdige og lovlige m\u00e5ter, med din kunnskap og ditt samtykke. Vi forteller deg ogs\u00e5 hvorfor vi samler den inn og hvordan den skal brukes.  <\/p>\n<p>Dataene som lagres er feltene som hvert innsendingsskjema inneholder. Vi lagrer opplysningene s\u00e5 lenge det er n\u00f8dvendig med hensyn til form\u00e5let med behandlingen. Vi baserer innsamlingen av personopplysninger p\u00e5 samtykke.   <\/p>\n<p>Du har rett til \u00e5 be om informasjon om hvilke personopplysninger vi har lagret om deg. For \u00e5 gj\u00f8re dette, ta kontakt med behandlingsansvarlig. Du har ogs\u00e5 rett til \u00e5 be om retting eller sletting av dine personopplysninger n\u00e5r som helst.  <\/p>\n<p>Din fortsatte bruk av nettstedet v\u00e5rt vil bli ansett som aksept av v\u00e5re retningslinjer for personvern og personopplysninger. Hvis du har sp\u00f8rsm\u00e5l om hvordan vi h\u00e5ndterer brukerdata og personopplysninger, vennligst kontakt oss. <\/p>\n<\/div>\n<\/div>\n<\/div>\n<\/div>\n<\/div>\n<\/div>\n<\/div>\n<\/div>\n<\/div>\n<\/div>\n<\/div>\n<\/div>\n<div class=\"elementor-element elementor-element-194d4ee elementor-widget elementor-widget-heading\" data-id=\"194d4ee\" data-element_type=\"widget\" data-widget_type=\"heading.default\">\n<div class=\"elementor-widget-container\">\n<h5 class=\"elementor-heading-title elementor-size-default\">Kontaktinformasjon for personopplysningsansvarlig<\/h5>\n<\/div>\n<\/div>\n<div class=\"elementor-element elementor-element-476de0e elementor-widget elementor-widget-text-editor\" data-id=\"476de0e\" data-element_type=\"widget\" data-widget_type=\"text-editor.default\">\n<div class=\"elementor-widget-container\">\n<div class=\"elementor-text-editor elementor-clearfix\">\n<div class=\"elementor-element elementor-element-89b658b elementor-widget elementor-widget-text-editor\" data-id=\"89b658b\" data-element_type=\"widget\" data-widget_type=\"text-editor.default\">\n<div class=\"elementor-widget-container\">\n<div class=\"elementor-text-editor elementor-clearfix\">\n<div>\n<div>\n<div>\n<div>\n<div>\n<div>E-post: <a href=\"mailto:info@multimontage.com\">info@multimontage.com<\/a><\/div>\n<\/div>\n<\/div>\n<\/div>\n<\/div>\n<\/div>\n<\/div>\n<\/div>\n<\/div>\n<\/div>\n<\/div>\n<\/div>\n<\/div>\n<\/div>\n<\/div>\n<\/div>\n<\/div>\n<\/div>\n\t\t\t\t\t\t\t\t<\/div>\n\t\t\t\t<\/div>\n\t\t\t\t\t<\/div>\n\t\t<\/div>\n\t\t\t\t\t<\/div>\n\t\t<\/section>\n\t\t\t\t<\/div>\n\t\t","protected":false},"excerpt":{"rendered":"<p>Personvernerkl\u00e6ring Personvernet ditt er viktig for oss. Det er Multimontage Sverige ABs policy \u00e5 respektere personvernet ditt ang\u00e5ende all informasjon vi kan samle inn fra deg p\u00e5 nettstedet v\u00e5rt, www.multimontage.com. Vi samler inn informasjon for \u00e5 ta kontakt, etablere og\/eller opprettholde et forretningsforhold. Vi samler det inn p\u00e5 rettferdige og lovlige m\u00e5ter, med din kunnskap [&hellip;]<\/p>\n","protected":false},"author":1,"featured_media":0,"parent":0,"menu_order":0,"comment_status":"closed","ping_status":"closed","template":"elementor_header_footer","meta":{"footnotes":""},"class_list":["post-5997","page","type-page","status-publish","hentry"],"yoast_head":"<!-- This site is optimized with the Yoast SEO plugin v27.4 - https:\/\/yoast.com\/product\/yoast-seo-wordpress\/ -->\n<title>Personvernerkl\u00e6ring - Multimontage<\/title>\n<meta name=\"robots\" content=\"noindex, nofollow\" \/>\n<meta property=\"og:locale\" content=\"nb_NO\" \/>\n<meta property=\"og:type\" content=\"article\" \/>\n<meta property=\"og:title\" content=\"Personvernerkl\u00e6ring - Multimontage\" \/>\n<meta property=\"og:description\" content=\"Personvernerkl\u00e6ring Personvernet ditt er viktig for oss. Det er Multimontage Sverige ABs policy \u00e5 respektere personvernet ditt ang\u00e5ende all informasjon vi kan samle inn fra deg p\u00e5 nettstedet v\u00e5rt, www.multimontage.com. Vi samler inn informasjon for \u00e5 ta kontakt, etablere og\/eller opprettholde et forretningsforhold. Vi samler det inn p\u00e5 rettferdige og lovlige m\u00e5ter, med din kunnskap [&hellip;]\" \/>\n<meta property=\"og:url\" content=\"https:\/\/multimontage.com\/no\/personvernerklaering\/\" \/>\n<meta property=\"og:site_name\" content=\"Multimontage\" \/>\n<meta property=\"article:modified_time\" content=\"2024-10-18T07:53:30+00:00\" \/>\n<meta name=\"twitter:card\" content=\"summary_large_image\" \/>\n<meta name=\"twitter:label1\" content=\"Ansl. lesetid\" \/>\n\t<meta name=\"twitter:data1\" content=\"1 minutt\" \/>\n<script type=\"application\/ld+json\" class=\"yoast-schema-graph\">{\"@context\":\"https:\\\/\\\/schema.org\",\"@graph\":[{\"@type\":\"WebPage\",\"@id\":\"https:\\\/\\\/multimontage.com\\\/no\\\/personvernerklaering\\\/\",\"url\":\"https:\\\/\\\/multimontage.com\\\/no\\\/personvernerklaering\\\/\",\"name\":\"Personvernerkl\u00e6ring - Multimontage\",\"isPartOf\":{\"@id\":\"https:\\\/\\\/multimontage.com\\\/no\\\/#website\"},\"datePublished\":\"2021-07-14T12:42:38+00:00\",\"dateModified\":\"2024-10-18T07:53:30+00:00\",\"breadcrumb\":{\"@id\":\"https:\\\/\\\/multimontage.com\\\/no\\\/personvernerklaering\\\/#breadcrumb\"},\"inLanguage\":\"nb-NO\",\"potentialAction\":[{\"@type\":\"ReadAction\",\"target\":[\"https:\\\/\\\/multimontage.com\\\/no\\\/personvernerklaering\\\/\"]}]},{\"@type\":\"BreadcrumbList\",\"@id\":\"https:\\\/\\\/multimontage.com\\\/no\\\/personvernerklaering\\\/#breadcrumb\",\"itemListElement\":[{\"@type\":\"ListItem\",\"position\":1,\"name\":\"Hem\",\"item\":\"https:\\\/\\\/multimontage.com\\\/no\\\/\"},{\"@type\":\"ListItem\",\"position\":2,\"name\":\"Personvernerkl\u00e6ring\"}]},{\"@type\":\"WebSite\",\"@id\":\"https:\\\/\\\/multimontage.com\\\/no\\\/#website\",\"url\":\"https:\\\/\\\/multimontage.com\\\/no\\\/\",\"name\":\"Multimontage\",\"description\":\"\",\"publisher\":{\"@id\":\"https:\\\/\\\/multimontage.com\\\/no\\\/#organization\"},\"potentialAction\":[{\"@type\":\"SearchAction\",\"target\":{\"@type\":\"EntryPoint\",\"urlTemplate\":\"https:\\\/\\\/multimontage.com\\\/no\\\/?s={search_term_string}\"},\"query-input\":{\"@type\":\"PropertyValueSpecification\",\"valueRequired\":true,\"valueName\":\"search_term_string\"}}],\"inLanguage\":\"nb-NO\"},{\"@type\":\"Organization\",\"@id\":\"https:\\\/\\\/multimontage.com\\\/no\\\/#organization\",\"name\":\"Multimontage\",\"url\":\"https:\\\/\\\/multimontage.com\\\/no\\\/\",\"logo\":{\"@type\":\"ImageObject\",\"inLanguage\":\"nb-NO\",\"@id\":\"https:\\\/\\\/multimontage.com\\\/no\\\/#\\\/schema\\\/logo\\\/image\\\/\",\"url\":\"https:\\\/\\\/multimontage.com\\\/wp-content\\\/uploads\\\/2023\\\/12\\\/MMlogo_vit.png\",\"contentUrl\":\"https:\\\/\\\/multimontage.com\\\/wp-content\\\/uploads\\\/2023\\\/12\\\/MMlogo_vit.png\",\"width\":546,\"height\":296,\"caption\":\"Multimontage\"},\"image\":{\"@id\":\"https:\\\/\\\/multimontage.com\\\/no\\\/#\\\/schema\\\/logo\\\/image\\\/\"}}]}<\/script>\n<!-- \/ Yoast SEO plugin. -->","yoast_head_json":{"title":"Personvernerkl\u00e6ring - Multimontage","robots":{"index":"noindex","follow":"nofollow"},"og_locale":"nb_NO","og_type":"article","og_title":"Personvernerkl\u00e6ring - Multimontage","og_description":"Personvernerkl\u00e6ring Personvernet ditt er viktig for oss. Det er Multimontage Sverige ABs policy \u00e5 respektere personvernet ditt ang\u00e5ende all informasjon vi kan samle inn fra deg p\u00e5 nettstedet v\u00e5rt, www.multimontage.com. Vi samler inn informasjon for \u00e5 ta kontakt, etablere og\/eller opprettholde et forretningsforhold. Vi samler det inn p\u00e5 rettferdige og lovlige m\u00e5ter, med din kunnskap [&hellip;]","og_url":"https:\/\/multimontage.com\/no\/personvernerklaering\/","og_site_name":"Multimontage","article_modified_time":"2024-10-18T07:53:30+00:00","twitter_card":"summary_large_image","twitter_misc":{"Ansl. lesetid":"1 minutt"},"schema":{"@context":"https:\/\/schema.org","@graph":[{"@type":"WebPage","@id":"https:\/\/multimontage.com\/no\/personvernerklaering\/","url":"https:\/\/multimontage.com\/no\/personvernerklaering\/","name":"Personvernerkl\u00e6ring - Multimontage","isPartOf":{"@id":"https:\/\/multimontage.com\/no\/#website"},"datePublished":"2021-07-14T12:42:38+00:00","dateModified":"2024-10-18T07:53:30+00:00","breadcrumb":{"@id":"https:\/\/multimontage.com\/no\/personvernerklaering\/#breadcrumb"},"inLanguage":"nb-NO","potentialAction":[{"@type":"ReadAction","target":["https:\/\/multimontage.com\/no\/personvernerklaering\/"]}]},{"@type":"BreadcrumbList","@id":"https:\/\/multimontage.com\/no\/personvernerklaering\/#breadcrumb","itemListElement":[{"@type":"ListItem","position":1,"name":"Hem","item":"https:\/\/multimontage.com\/no\/"},{"@type":"ListItem","position":2,"name":"Personvernerkl\u00e6ring"}]},{"@type":"WebSite","@id":"https:\/\/multimontage.com\/no\/#website","url":"https:\/\/multimontage.com\/no\/","name":"Multimontage","description":"","publisher":{"@id":"https:\/\/multimontage.com\/no\/#organization"},"potentialAction":[{"@type":"SearchAction","target":{"@type":"EntryPoint","urlTemplate":"https:\/\/multimontage.com\/no\/?s={search_term_string}"},"query-input":{"@type":"PropertyValueSpecification","valueRequired":true,"valueName":"search_term_string"}}],"inLanguage":"nb-NO"},{"@type":"Organization","@id":"https:\/\/multimontage.com\/no\/#organization","name":"Multimontage","url":"https:\/\/multimontage.com\/no\/","logo":{"@type":"ImageObject","inLanguage":"nb-NO","@id":"https:\/\/multimontage.com\/no\/#\/schema\/logo\/image\/","url":"https:\/\/multimontage.com\/wp-content\/uploads\/2023\/12\/MMlogo_vit.png","contentUrl":"https:\/\/multimontage.com\/wp-content\/uploads\/2023\/12\/MMlogo_vit.png","width":546,"height":296,"caption":"Multimontage"},"image":{"@id":"https:\/\/multimontage.com\/no\/#\/schema\/logo\/image\/"}}]}},"_links":{"self":[{"href":"https:\/\/multimontage.com\/no\/wp-json\/wp\/v2\/pages\/5997","targetHints":{"allow":["GET"]}}],"collection":[{"href":"https:\/\/multimontage.com\/no\/wp-json\/wp\/v2\/pages"}],"about":[{"href":"https:\/\/multimontage.com\/no\/wp-json\/wp\/v2\/types\/page"}],"author":[{"embeddable":true,"href":"https:\/\/multimontage.com\/no\/wp-json\/wp\/v2\/users\/1"}],"replies":[{"embeddable":true,"href":"https:\/\/multimontage.com\/no\/wp-json\/wp\/v2\/comments?post=5997"}],"version-history":[{"count":1,"href":"https:\/\/multimontage.com\/no\/wp-json\/wp\/v2\/pages\/5997\/revisions"}],"predecessor-version":[{"id":5998,"href":"https:\/\/multimontage.com\/no\/wp-json\/wp\/v2\/pages\/5997\/revisions\/5998"}],"wp:attachment":[{"href":"https:\/\/multimontage.com\/no\/wp-json\/wp\/v2\/media?parent=5997"}],"curies":[{"name":"wp","href":"https:\/\/api.w.org\/{rel}","templated":true}]}}